{"id":11710,"date":"2024-06-14T07:18:45","date_gmt":"2024-06-14T07:18:45","guid":{"rendered":"https:\/\/codigitalab.com\/politica-de-cookies\/"},"modified":"2026-02-25T10:59:38","modified_gmt":"2026-02-25T10:59:38","slug":"politica-de-cookies","status":"publish","type":"page","link":"https:\/\/codigitalab.com\/es\/politica-de-cookies\/","title":{"rendered":"Pol\u00edtica de cookies"},"content":{"rendered":"\t\t<div data-elementor-type=\"wp-page\" data-elementor-id=\"11710\" class=\"elementor elementor-11710 elementor-9616\" data-elementor-post-type=\"page\">\n\t\t\t\t\t\t<section class=\"elementor-section elementor-top-section elementor-element elementor-element-ddd7b75 elementor-section-full_width elementor-section-stretched elementor-section-height-default elementor-section-height-default\" data-id=\"ddd7b75\" data-element_type=\"section\" data-e-type=\"section\" data-settings=\"{&quot;stretch_section&quot;:&quot;section-stretched&quot;,&quot;background_background&quot;:&quot;gradient&quot;,&quot;background_motion_fx_motion_fx_scrolling&quot;:&quot;yes&quot;,&quot;background_motion_fx_translateY_effect&quot;:&quot;yes&quot;,&quot;background_motion_fx_translateY_speed&quot;:{&quot;unit&quot;:&quot;px&quot;,&quot;size&quot;:5.9,&quot;sizes&quot;:[]},&quot;jet_parallax_layout_list&quot;:[],&quot;background_motion_fx_translateY_affectedRange&quot;:{&quot;unit&quot;:&quot;%&quot;,&quot;size&quot;:&quot;&quot;,&quot;sizes&quot;:{&quot;start&quot;:0,&quot;end&quot;:100}},&quot;background_motion_fx_devices&quot;:[&quot;desktop&quot;,&quot;tablet&quot;,&quot;mobile&quot;]}\">\n\t\t\t\t\t\t<div class=\"elementor-container elementor-column-gap-default\">\n\t\t\t\t\t<div class=\"elementor-column elementor-col-100 elementor-top-column elementor-element elementor-element-81909c9\" data-id=\"81909c9\" data-element_type=\"column\" data-e-type=\"column\">\n\t\t\t<div class=\"elementor-widget-wrap elementor-element-populated\">\n\t\t\t\t\t\t<div class=\"elementor-element elementor-element-cd22191 elementor-widget elementor-widget-heading\" data-id=\"cd22191\" data-element_type=\"widget\" data-e-type=\"widget\" data-widget_type=\"heading.default\">\n\t\t\t\t<div class=\"elementor-widget-container\">\n\t\t\t\t\t<h1 class=\"elementor-heading-title elementor-size-default\">Pol\u00edtica de cookies <\/h1>\t\t\t\t<\/div>\n\t\t\t\t<\/div>\n\t\t\t\t\t<\/div>\n\t\t<\/div>\n\t\t\t\t\t<\/div>\n\t\t<\/section>\n\t\t<div class=\"elementor-element elementor-element-44b09348 e-flex e-con-boxed e-con e-parent\" data-id=\"44b09348\" data-element_type=\"container\" data-e-type=\"container\" data-settings=\"{&quot;background_background&quot;:&quot;classic&quot;,&quot;jet_parallax_layout_list&quot;:[]}\">\n\t\t\t\t\t<div class=\"e-con-inner\">\n\t\t\t\t<div class=\"elementor-element elementor-element-67c6fd8 elementor-widget elementor-widget-text-editor\" data-id=\"67c6fd8\" data-element_type=\"widget\" data-e-type=\"widget\" data-widget_type=\"text-editor.default\">\n\t\t\t\t<div class=\"elementor-widget-container\">\n\t\t\t\t\t\t\t\t\t<p>Las cookies son breves informaciones que se env\u00edan y se almacenan en el disco duro del ordenador del usuario a trav\u00e9s de su navegador cuando este se conecta a una web. Las galletas se pueden utilizar para pedir y almacenar datos del usuario mientras est\u00e1 conectado para facilitarle los servicios solicitados y que no se suelen conservar (Galletas de sesi\u00f3n), o para conservar los datos del usuario para otro tipo de servicios futuros y que se pueden conservar por tiempo indefinido (galetas persistentes). Las galletas pueden ser propias o de terceros.<\/p>\n<p><\/p>\n<p>Hay diversos tipos de cookies:<\/p>\n<ul>\n<li>Galletas t\u00e9cnicas que facilitan la navegaci\u00f3n del usuario y la utilizaci\u00f3n de las diferentes opciones o servicios que ofrece la web como identificar la sesi\u00f3n, permitir el acceso a determinadas \u00e1reas, facilitar pedidos, compras, cumplimentaci\u00f3n de formularios, inscripciones, seguridad, facilitar funcionalidades (v\u00eddeos, redes sociales \u2026).<\/li>\n<li>Galletas de personalizaci\u00f3n que permiten al usuario acceder a los servicios seg\u00fan sus preferencias (idioma, navegador, configuraci\u00f3n \u2026).<\/li>\n<li>Galletas de an\u00e1lisis que permiten el an\u00e1lisis an\u00f3nimo del comportamiento de los usuarios de la web y que permiten medir la actividad del usuario y elaborar perfiles de navegaci\u00f3n con el objetivo de mejorar los sitios web.<\/li>\n<li>Galletas publicitarias que permiten la gesti\u00f3n de los espacios publicitarios de la web.<\/li>\n<li>Galletas de publicidad personalizada que permiten la gesti\u00f3n de los espacios publicitarios de la web sobre la base del comportamiento y h\u00e1bitos de navegaci\u00f3n de usuario, de donde se obtiene su perfil y permiten personalizar la publicidad que se muestra en el navegador del usuario.<\/li>\n<\/ul><div><br><\/div>\n<p>Codigital Lab utiliza cookies t\u00e9cnicas, de personalizaci\u00f3n y de an\u00e1lisis, propias y de terceros, que en ning\u00fan caso tratan datos de car\u00e1cter personal, pero captan h\u00e1bitos de navegaci\u00f3n para fines estad\u00edsticos.<\/p>\n<p>Por ello, al acceder a nuestra web, en cumplimiento del art\u00edculo 22 de la Ley de Servicios de la Sociedad de la Informaci\u00f3n le hemos solicitado su consentimiento para su uso.<\/p><p><br><\/p>\n<p>De todas formas, le informamos que puede activar o desactivar estas cookies siguiendo las instrucciones de su navegador de Internet:<\/p>\n<ul>\n<li><strong>Chrome<\/strong>: Configuraci\u00f3n -&gt; Mostrar opciones avanzadas -&gt; Privacidad -&gt; Configuraci\u00f3n de contenido.<\/li>\n<li><strong>Firefox<\/strong>: Herramientas -&gt; Opciones -&gt; Privacidad -&gt; Historial -&gt; Configuraci\u00f3n Personalizada.<\/li>\n<li><strong>Internet Explorer<\/strong>: Herramientas -&gt; Opciones de Internet -&gt; Privacidad -&gt; Configuraci\u00f3n.<\/li>\n<li><b>Safari<\/b>: Preferencias -&gt; Seguridad.<\/li>\n<li><b>Opera<\/b>: Herramientas -&gt; Preferencias -&gt; Editar preferencias&gt; Galletas<\/li>\n<li><b>Edge<\/b>: Configuraci\u00f3n -&gt; Ver configuraci\u00f3n avanzada -&gt; Privacidad y servicios -&gt; Galletas<\/li>\n<\/ul><div><br><\/div>\n<p>Para m\u00e1s informaci\u00f3n, puede consultar en la Ayuda de su navegador o en las p\u00e1ginas de soporte de los mismos:<\/p>\n<ul class=\"cookies_ul\">\n<li><strong><a href=\"https:\/\/support.google.com\/\">Chrome<\/a><\/strong><\/li>\n<li><strong><a href=\"https:\/\/support.mozilla.org\/es\/\">FireFox<\/a><\/strong><\/li>\n<li><strong><a href=\"https:\/\/windows.microsoft.com\/\">Internet Explorer<\/a><\/strong><\/li>\n<li><strong><a href=\"https:\/\/www.apple.com\/\">Safari<\/a><\/strong><\/li>\n<li><strong><a href=\"https:\/\/www.opera.com\/help\/tutorials\/security\/cookies\/\">Opera<\/a><\/strong><\/li>\n<li><strong><a href=\"https:\/\/privacy.microsoft.com\/es-es\/windows-10-microsoft-edge-and-privacy\">Edge<\/a><\/strong><\/li>\n<\/ul>\t\t\t\t\t\t\t\t<\/div>\n\t\t\t\t<\/div>\n\t\t\t\t\t<\/div>\n\t\t\t\t<\/div>\n\t\t\t\t<\/div>\n\t\t","protected":false},"excerpt":{"rendered":"<p>Pol\u00edtica de cookies Las cookies son breves informaciones que se env\u00edan y se almacenan en el disco duro del ordenador del usuario a trav\u00e9s de su navegador cuando este se conecta a una web. Las galletas se pueden utilizar para pedir y almacenar datos del usuario mientras est\u00e1 conectado para facilitarle los servicios solicitados y [&hellip;]<\/p>\n","protected":false},"author":2,"featured_media":0,"parent":0,"menu_order":0,"comment_status":"closed","ping_status":"closed","template":"","meta":{"_acf_changed":false,"footnotes":""},"class_list":["post-11710","page","type-page","status-publish","hentry"],"acf":[],"yoast_head":"<!-- This site is optimized with the Yoast SEO plugin v27.4 - https:\/\/yoast.com\/product\/yoast-seo-wordpress\/ -->\n<title>Pol\u00edtica de cookies | Codigital Lab<\/title>\n<meta name=\"robots\" content=\"noindex, follow\" \/>\n<meta property=\"og:locale\" content=\"es_ES\" \/>\n<meta property=\"og:type\" content=\"article\" \/>\n<meta property=\"og:title\" content=\"Pol\u00edtica de cookies | Codigital Lab\" \/>\n<meta property=\"og:description\" content=\"Pol\u00edtica de cookies Las cookies son breves informaciones que se env\u00edan y se almacenan en el disco duro del ordenador del usuario a trav\u00e9s de su navegador cuando este se conecta a una web. Las galletas se pueden utilizar para pedir y almacenar datos del usuario mientras est\u00e1 conectado para facilitarle los servicios solicitados y [&hellip;]\" \/>\n<meta property=\"og:url\" content=\"https:\/\/codigitalab.com\/politica-de-cookies\/\" \/>\n<meta property=\"og:site_name\" content=\"Codigital Lab\" \/>\n<meta property=\"article:modified_time\" content=\"2026-02-25T10:59:38+00:00\" \/>\n<meta property=\"og:image\" content=\"https:\/\/codigitalab.com\/wp-content\/uploads\/2022\/10\/Codigital-White_Mesa-de-trabajo-1_Mesa-de-trabajo-1.png\" \/>\n\t<meta property=\"og:image:width\" content=\"4417\" \/>\n\t<meta property=\"og:image:height\" content=\"2084\" \/>\n\t<meta property=\"og:image:type\" content=\"image\/png\" \/>\n<meta name=\"twitter:card\" content=\"summary_large_image\" \/>\n<meta name=\"twitter:label1\" content=\"Tiempo de lectura\" \/>\n\t<meta name=\"twitter:data1\" content=\"2 minutos\" \/>\n<script type=\"application\/ld+json\" class=\"yoast-schema-graph\">{\"@context\":\"https:\\\/\\\/schema.org\",\"@graph\":[{\"@type\":\"WebPage\",\"@id\":\"https:\\\/\\\/codigitalab.com\\\/politica-de-cookies\\\/\",\"url\":\"https:\\\/\\\/codigitalab.com\\\/politica-de-cookies\\\/\",\"name\":\"Pol\u00edtica de cookies | Codigital Lab\",\"isPartOf\":{\"@id\":\"https:\\\/\\\/codigitalab.com\\\/#website\"},\"datePublished\":\"2024-06-14T07:18:45+00:00\",\"dateModified\":\"2026-02-25T10:59:38+00:00\",\"breadcrumb\":{\"@id\":\"https:\\\/\\\/codigitalab.com\\\/politica-de-cookies\\\/#breadcrumb\"},\"inLanguage\":\"es\",\"potentialAction\":[{\"@type\":\"ReadAction\",\"target\":[\"https:\\\/\\\/codigitalab.com\\\/politica-de-cookies\\\/\"]}]},{\"@type\":\"BreadcrumbList\",\"@id\":\"https:\\\/\\\/codigitalab.com\\\/politica-de-cookies\\\/#breadcrumb\",\"itemListElement\":[{\"@type\":\"ListItem\",\"position\":1,\"name\":\"Portada\",\"item\":\"https:\\\/\\\/codigitalab.com\\\/\"},{\"@type\":\"ListItem\",\"position\":2,\"name\":\"Pol\u00edtica de cookies\"}]},{\"@type\":\"WebSite\",\"@id\":\"https:\\\/\\\/codigitalab.com\\\/#website\",\"url\":\"https:\\\/\\\/codigitalab.com\\\/\",\"name\":\"Codigital Lab\",\"description\":\"Dona vida als teus projectes digitals\",\"publisher\":{\"@id\":\"https:\\\/\\\/codigitalab.com\\\/#organization\"},\"potentialAction\":[{\"@type\":\"SearchAction\",\"target\":{\"@type\":\"EntryPoint\",\"urlTemplate\":\"https:\\\/\\\/codigitalab.com\\\/?s={search_term_string}\"},\"query-input\":{\"@type\":\"PropertyValueSpecification\",\"valueRequired\":true,\"valueName\":\"search_term_string\"}}],\"inLanguage\":\"es\"},{\"@type\":\"Organization\",\"@id\":\"https:\\\/\\\/codigitalab.com\\\/#organization\",\"name\":\"Codigital Lab\",\"url\":\"https:\\\/\\\/codigitalab.com\\\/\",\"logo\":{\"@type\":\"ImageObject\",\"inLanguage\":\"es\",\"@id\":\"https:\\\/\\\/codigitalab.com\\\/#\\\/schema\\\/logo\\\/image\\\/\",\"url\":\"https:\\\/\\\/codigitalab.com\\\/wp-content\\\/uploads\\\/2022\\\/10\\\/Codigital-White_Mesa-de-trabajo-1_Mesa-de-trabajo-1.png\",\"contentUrl\":\"https:\\\/\\\/codigitalab.com\\\/wp-content\\\/uploads\\\/2022\\\/10\\\/Codigital-White_Mesa-de-trabajo-1_Mesa-de-trabajo-1.png\",\"width\":4417,\"height\":2084,\"caption\":\"Codigital Lab\"},\"image\":{\"@id\":\"https:\\\/\\\/codigitalab.com\\\/#\\\/schema\\\/logo\\\/image\\\/\"},\"sameAs\":[\"https:\\\/\\\/www.linkedin.com\\\/company\\\/codigital-lab\\\/\"]}]}<\/script>\n<!-- \/ Yoast SEO plugin. -->","yoast_head_json":{"title":"Pol\u00edtica de cookies | Codigital Lab","robots":{"index":"noindex","follow":"follow"},"og_locale":"es_ES","og_type":"article","og_title":"Pol\u00edtica de cookies | Codigital Lab","og_description":"Pol\u00edtica de cookies Las cookies son breves informaciones que se env\u00edan y se almacenan en el disco duro del ordenador del usuario a trav\u00e9s de su navegador cuando este se conecta a una web. Las galletas se pueden utilizar para pedir y almacenar datos del usuario mientras est\u00e1 conectado para facilitarle los servicios solicitados y [&hellip;]","og_url":"https:\/\/codigitalab.com\/politica-de-cookies\/","og_site_name":"Codigital Lab","article_modified_time":"2026-02-25T10:59:38+00:00","og_image":[{"width":4417,"height":2084,"url":"https:\/\/codigitalab.com\/wp-content\/uploads\/2022\/10\/Codigital-White_Mesa-de-trabajo-1_Mesa-de-trabajo-1.png","type":"image\/png"}],"twitter_card":"summary_large_image","twitter_misc":{"Tiempo de lectura":"2 minutos"},"schema":{"@context":"https:\/\/schema.org","@graph":[{"@type":"WebPage","@id":"https:\/\/codigitalab.com\/politica-de-cookies\/","url":"https:\/\/codigitalab.com\/politica-de-cookies\/","name":"Pol\u00edtica de cookies | Codigital Lab","isPartOf":{"@id":"https:\/\/codigitalab.com\/#website"},"datePublished":"2024-06-14T07:18:45+00:00","dateModified":"2026-02-25T10:59:38+00:00","breadcrumb":{"@id":"https:\/\/codigitalab.com\/politica-de-cookies\/#breadcrumb"},"inLanguage":"es","potentialAction":[{"@type":"ReadAction","target":["https:\/\/codigitalab.com\/politica-de-cookies\/"]}]},{"@type":"BreadcrumbList","@id":"https:\/\/codigitalab.com\/politica-de-cookies\/#breadcrumb","itemListElement":[{"@type":"ListItem","position":1,"name":"Portada","item":"https:\/\/codigitalab.com\/"},{"@type":"ListItem","position":2,"name":"Pol\u00edtica de cookies"}]},{"@type":"WebSite","@id":"https:\/\/codigitalab.com\/#website","url":"https:\/\/codigitalab.com\/","name":"Codigital Lab","description":"Dona vida als teus projectes digitals","publisher":{"@id":"https:\/\/codigitalab.com\/#organization"},"potentialAction":[{"@type":"SearchAction","target":{"@type":"EntryPoint","urlTemplate":"https:\/\/codigitalab.com\/?s={search_term_string}"},"query-input":{"@type":"PropertyValueSpecification","valueRequired":true,"valueName":"search_term_string"}}],"inLanguage":"es"},{"@type":"Organization","@id":"https:\/\/codigitalab.com\/#organization","name":"Codigital Lab","url":"https:\/\/codigitalab.com\/","logo":{"@type":"ImageObject","inLanguage":"es","@id":"https:\/\/codigitalab.com\/#\/schema\/logo\/image\/","url":"https:\/\/codigitalab.com\/wp-content\/uploads\/2022\/10\/Codigital-White_Mesa-de-trabajo-1_Mesa-de-trabajo-1.png","contentUrl":"https:\/\/codigitalab.com\/wp-content\/uploads\/2022\/10\/Codigital-White_Mesa-de-trabajo-1_Mesa-de-trabajo-1.png","width":4417,"height":2084,"caption":"Codigital Lab"},"image":{"@id":"https:\/\/codigitalab.com\/#\/schema\/logo\/image\/"},"sameAs":["https:\/\/www.linkedin.com\/company\/codigital-lab\/"]}]}},"_links":{"self":[{"href":"https:\/\/codigitalab.com\/es\/wp-json\/wp\/v2\/pages\/11710","targetHints":{"allow":["GET"]}}],"collection":[{"href":"https:\/\/codigitalab.com\/es\/wp-json\/wp\/v2\/pages"}],"about":[{"href":"https:\/\/codigitalab.com\/es\/wp-json\/wp\/v2\/types\/page"}],"author":[{"embeddable":true,"href":"https:\/\/codigitalab.com\/es\/wp-json\/wp\/v2\/users\/2"}],"replies":[{"embeddable":true,"href":"https:\/\/codigitalab.com\/es\/wp-json\/wp\/v2\/comments?post=11710"}],"version-history":[{"count":9,"href":"https:\/\/codigitalab.com\/es\/wp-json\/wp\/v2\/pages\/11710\/revisions"}],"predecessor-version":[{"id":12730,"href":"https:\/\/codigitalab.com\/es\/wp-json\/wp\/v2\/pages\/11710\/revisions\/12730"}],"wp:attachment":[{"href":"https:\/\/codigitalab.com\/es\/wp-json\/wp\/v2\/media?parent=11710"}],"curies":[{"name":"wp","href":"https:\/\/api.w.org\/{rel}","templated":true}]}}