{"id":11560,"date":"2022-03-24T12:15:28","date_gmt":"2022-03-24T12:15:28","guid":{"rendered":"https:\/\/codigitalab.com\/politica-de-privacidad\/"},"modified":"2026-04-17T12:43:59","modified_gmt":"2026-04-17T12:43:59","slug":"politica-de-privacidad","status":"publish","type":"page","link":"https:\/\/codigitalab.com\/es\/politica-de-privacidad\/","title":{"rendered":"Pol\u00edtica de privacidad"},"content":{"rendered":"\t\t<div data-elementor-type=\"wp-page\" data-elementor-id=\"11560\" class=\"elementor elementor-11560 elementor-3\" data-elementor-post-type=\"page\">\n\t\t\t\t\t\t<section class=\"elementor-section elementor-top-section elementor-element elementor-element-ddd7b75 elementor-section-full_width elementor-section-stretched elementor-section-height-default elementor-section-height-default\" data-id=\"ddd7b75\" data-element_type=\"section\" data-e-type=\"section\" data-settings=\"{&quot;stretch_section&quot;:&quot;section-stretched&quot;,&quot;background_background&quot;:&quot;gradient&quot;,&quot;background_motion_fx_motion_fx_scrolling&quot;:&quot;yes&quot;,&quot;background_motion_fx_translateY_effect&quot;:&quot;yes&quot;,&quot;background_motion_fx_translateY_speed&quot;:{&quot;unit&quot;:&quot;px&quot;,&quot;size&quot;:5.9,&quot;sizes&quot;:[]},&quot;jet_parallax_layout_list&quot;:[],&quot;background_motion_fx_translateY_affectedRange&quot;:{&quot;unit&quot;:&quot;%&quot;,&quot;size&quot;:&quot;&quot;,&quot;sizes&quot;:{&quot;start&quot;:0,&quot;end&quot;:100}},&quot;background_motion_fx_devices&quot;:[&quot;desktop&quot;,&quot;tablet&quot;,&quot;mobile&quot;]}\">\n\t\t\t\t\t\t<div class=\"elementor-container elementor-column-gap-default\">\n\t\t\t\t\t<div class=\"elementor-column elementor-col-100 elementor-top-column elementor-element elementor-element-81909c9\" data-id=\"81909c9\" data-element_type=\"column\" data-e-type=\"column\">\n\t\t\t<div class=\"elementor-widget-wrap elementor-element-populated\">\n\t\t\t\t\t\t<div class=\"elementor-element elementor-element-cd22191 elementor-widget elementor-widget-heading\" data-id=\"cd22191\" data-element_type=\"widget\" data-e-type=\"widget\" data-widget_type=\"heading.default\">\n\t\t\t\t<div class=\"elementor-widget-container\">\n\t\t\t\t\t<h1 class=\"elementor-heading-title elementor-size-default\">Pol\u00edtica de privacidad  <\/h1>\t\t\t\t<\/div>\n\t\t\t\t<\/div>\n\t\t\t\t\t<\/div>\n\t\t<\/div>\n\t\t\t\t\t<\/div>\n\t\t<\/section>\n\t\t<div class=\"elementor-element elementor-element-44b09348 e-flex e-con-boxed e-con e-parent\" data-id=\"44b09348\" data-element_type=\"container\" data-e-type=\"container\" data-settings=\"{&quot;background_background&quot;:&quot;classic&quot;,&quot;jet_parallax_layout_list&quot;:[]}\">\n\t\t\t\t\t<div class=\"e-con-inner\">\n\t\t\t\t<div class=\"elementor-element elementor-element-67c6fd8 elementor-widget elementor-widget-text-editor\" data-id=\"67c6fd8\" data-element_type=\"widget\" data-e-type=\"widget\" data-widget_type=\"text-editor.default\">\n\t\t\t\t<div class=\"elementor-widget-container\">\n\t\t\t\t\t\t\t\t\t<p><\/p>\n<p>Reglamento General de Protecci\u00f3n de Datos (RGDP) &#8211; Agosto 2023.<\/p>\n<p><\/p>\n<p>Le informamos que los datos personales de nuestros clientes ser\u00e1n tratados de conformidad con los principios de transparencia, limitaci\u00f3n de la finalidad, minimizaci\u00f3n de datos, exactitud, integridad y confidencialidad, as\u00ed como respetando el resto de obligaciones y garant\u00edas establecidas en el Reglamento (UE) 2016\/679 del Parlamento Europeo y del Consejo de 27 de abril de 27 de abril tratamiento de datos personales ya la libre circulaci\u00f3n de estos datos.<\/p>\n<p><\/p>\n<p>Con el fin de cumplir con el citado Reglamento, hemos actualizado nuestra Pol\u00edtica de Privacidad:<\/p>\n<p><\/p>\n<p>Responsable: Codigital 360 Solutions SL con CIF: B10773273<\/p>\n<p><\/p>\n<p><\/p>\n<p><strong>Finalidad del tratamiento:<\/strong> tratamos la informaci\u00f3n que nos facilita para ofrecer el servicio solicitado y enviar comunicaciones relativas al contenido de nuestros productos y servicios.<\/p>\n<p><\/p>\n<ul><p><\/p>\n<li>Procedencia y categor\u00eda de datos tratados: los datos personales que trataremos son sus datos identificativos que usted nos facilite a trav\u00e9s del formulario de registro que encontrar\u00e1 en nuestro sitio web.<\/li>\n<p><\/p>\n<li>o Tiempo de conservaci\u00f3n: los datos proporcionados se conservar\u00e1n mientras se mantenga la relaci\u00f3n comercial o durante los a\u00f1os necesarios para cumplir con las obligaciones legales.<\/li>\n<p><\/p>\n<li>o Legitimaci\u00f3n: tratamos sus datos s\u00f3lo si contamos con su consentimiento expreso e informado para ello, y siempre de acuerdo con las finalidades descritas.<\/li>\n<p><\/p>\n<li>\u00b7 Destinatarios: los datos que usted nos facilite no se ceder\u00e1n a terceros salvo en los casos en que exista una obligaci\u00f3n legal.<\/li>\n<p><\/p>\n<li>Si bien, para realizar determinadas funciones necesarias para la prestaci\u00f3n del servicio, sus datos pueden ser tratados por terceros que actuar\u00e1n como encargados de tratamiento y que estar\u00e1n obligados contractualmente a cumplir sus obligaciones legales de encargado de tratamiento, a mantener la confidencialidad y secreto de la informaci\u00f3n.<\/li>\n<p><\/p><\/ul>\n<p><\/p>\n<p><\/p>\n<ul><p><\/p>\n<li>Derechos: usted es titular de los siguientes derechos sobre sus datos de car\u00e1cter personal:<\/li>\n<p><\/p>\n<li>Derecho a solicitar el acceso a datos personales.<\/li>\n<p><\/p>\n<li>Derecho a solicitar su rectificaci\u00f3n o supresi\u00f3n.<\/li>\n<p><\/p>\n<li>Derecho a solicitar la limitaci\u00f3n u oposici\u00f3n de su tratamiento.<\/li>\n<p><\/p>\n<li>Revocaci\u00f3n del consentimiento prestado.<\/li>\n<p><\/p>\n<li>Derecho a la portabilidad de sus datos<\/li>\n<p><\/p><\/ul>\n<p><\/p>\n<p><\/p>\n<p>Para el ejercicio de los derechos debe dirigirnos una comunicaci\u00f3n escrita a trav\u00e9s de correo electr\u00f3nico a la direcci\u00f3n info@codigitalab.com especificando el derecho que desea ejercitar.<\/p>\n<p><\/p>\n<p>Asimismo, le informamos que puede solicitar la tutela de sus derechos ante la Agencia Espa\u00f1ola de Protecci\u00f3n de Datos con sede en la Calle de Jorge Juan, 6, 28001 Madrid<\/p>\n<p><\/p>\t\t\t\t\t\t\t\t<\/div>\n\t\t\t\t<\/div>\n\t\t\t\t\t<\/div>\n\t\t\t\t<\/div>\n\t\t\t\t<\/div>\n\t\t","protected":false},"excerpt":{"rendered":"<p>Pol\u00edtica de privacidad Reglamento General de Protecci\u00f3n de Datos (RGDP) &#8211; Agosto 2023. Le informamos que los datos personales de nuestros clientes ser\u00e1n tratados de conformidad con los principios de transparencia, limitaci\u00f3n de la finalidad, minimizaci\u00f3n de datos, exactitud, integridad y confidencialidad, as\u00ed como respetando el resto de obligaciones y garant\u00edas establecidas en el Reglamento [&hellip;]<\/p>\n","protected":false},"author":2,"featured_media":0,"parent":0,"menu_order":0,"comment_status":"closed","ping_status":"open","template":"","meta":{"_acf_changed":false,"footnotes":""},"class_list":["post-11560","page","type-page","status-publish","hentry"],"acf":[],"yoast_head":"<!-- This site is optimized with the Yoast SEO plugin v27.4 - https:\/\/yoast.com\/product\/yoast-seo-wordpress\/ -->\n<title>Pol\u00edtica de privacidad | Codigital Lab<\/title>\n<meta name=\"robots\" content=\"noindex, follow\" \/>\n<meta property=\"og:locale\" content=\"es_ES\" \/>\n<meta property=\"og:type\" content=\"article\" \/>\n<meta property=\"og:title\" content=\"Pol\u00edtica de privacidad | Codigital Lab\" \/>\n<meta property=\"og:description\" content=\"Pol\u00edtica de privacidad Reglamento General de Protecci\u00f3n de Datos (RGDP) &#8211; Agosto 2023. Le informamos que los datos personales de nuestros clientes ser\u00e1n tratados de conformidad con los principios de transparencia, limitaci\u00f3n de la finalidad, minimizaci\u00f3n de datos, exactitud, integridad y confidencialidad, as\u00ed como respetando el resto de obligaciones y garant\u00edas establecidas en el Reglamento [&hellip;]\" \/>\n<meta property=\"og:url\" content=\"https:\/\/codigitalab.com\/es\/politica-de-privacidad\/\" \/>\n<meta property=\"og:site_name\" content=\"Codigital Lab\" \/>\n<meta property=\"article:modified_time\" content=\"2026-04-17T12:43:59+00:00\" \/>\n<meta property=\"og:image\" content=\"https:\/\/codigitalab.com\/wp-content\/uploads\/2022\/10\/Codigital-White_Mesa-de-trabajo-1_Mesa-de-trabajo-1.png\" \/>\n\t<meta property=\"og:image:width\" content=\"4417\" \/>\n\t<meta property=\"og:image:height\" content=\"2084\" \/>\n\t<meta property=\"og:image:type\" content=\"image\/png\" \/>\n<meta name=\"twitter:card\" content=\"summary_large_image\" \/>\n<meta name=\"twitter:label1\" content=\"Tiempo de lectura\" \/>\n\t<meta name=\"twitter:data1\" content=\"2 minutos\" \/>\n<script type=\"application\/ld+json\" class=\"yoast-schema-graph\">{\"@context\":\"https:\\\/\\\/schema.org\",\"@graph\":[{\"@type\":\"WebPage\",\"@id\":\"https:\\\/\\\/codigitalab.com\\\/es\\\/politica-de-privacidad\\\/\",\"url\":\"https:\\\/\\\/codigitalab.com\\\/es\\\/politica-de-privacidad\\\/\",\"name\":\"Pol\u00edtica de privacidad | Codigital Lab\",\"isPartOf\":{\"@id\":\"https:\\\/\\\/codigitalab.com\\\/#website\"},\"datePublished\":\"2022-03-24T12:15:28+00:00\",\"dateModified\":\"2026-04-17T12:43:59+00:00\",\"breadcrumb\":{\"@id\":\"https:\\\/\\\/codigitalab.com\\\/es\\\/politica-de-privacidad\\\/#breadcrumb\"},\"inLanguage\":\"es\",\"potentialAction\":[{\"@type\":\"ReadAction\",\"target\":[\"https:\\\/\\\/codigitalab.com\\\/es\\\/politica-de-privacidad\\\/\"]}]},{\"@type\":\"BreadcrumbList\",\"@id\":\"https:\\\/\\\/codigitalab.com\\\/es\\\/politica-de-privacidad\\\/#breadcrumb\",\"itemListElement\":[{\"@type\":\"ListItem\",\"position\":1,\"name\":\"Portada\",\"item\":\"https:\\\/\\\/codigitalab.com\\\/\"},{\"@type\":\"ListItem\",\"position\":2,\"name\":\"Pol\u00edtica de privacidad\"}]},{\"@type\":\"WebSite\",\"@id\":\"https:\\\/\\\/codigitalab.com\\\/#website\",\"url\":\"https:\\\/\\\/codigitalab.com\\\/\",\"name\":\"Codigital Lab\",\"description\":\"Dona vida als teus projectes digitals\",\"publisher\":{\"@id\":\"https:\\\/\\\/codigitalab.com\\\/#organization\"},\"potentialAction\":[{\"@type\":\"SearchAction\",\"target\":{\"@type\":\"EntryPoint\",\"urlTemplate\":\"https:\\\/\\\/codigitalab.com\\\/?s={search_term_string}\"},\"query-input\":{\"@type\":\"PropertyValueSpecification\",\"valueRequired\":true,\"valueName\":\"search_term_string\"}}],\"inLanguage\":\"es\"},{\"@type\":\"Organization\",\"@id\":\"https:\\\/\\\/codigitalab.com\\\/#organization\",\"name\":\"Codigital Lab\",\"url\":\"https:\\\/\\\/codigitalab.com\\\/\",\"logo\":{\"@type\":\"ImageObject\",\"inLanguage\":\"es\",\"@id\":\"https:\\\/\\\/codigitalab.com\\\/#\\\/schema\\\/logo\\\/image\\\/\",\"url\":\"https:\\\/\\\/codigitalab.com\\\/wp-content\\\/uploads\\\/2022\\\/10\\\/Codigital-White_Mesa-de-trabajo-1_Mesa-de-trabajo-1.png\",\"contentUrl\":\"https:\\\/\\\/codigitalab.com\\\/wp-content\\\/uploads\\\/2022\\\/10\\\/Codigital-White_Mesa-de-trabajo-1_Mesa-de-trabajo-1.png\",\"width\":4417,\"height\":2084,\"caption\":\"Codigital Lab\"},\"image\":{\"@id\":\"https:\\\/\\\/codigitalab.com\\\/#\\\/schema\\\/logo\\\/image\\\/\"},\"sameAs\":[\"https:\\\/\\\/www.linkedin.com\\\/company\\\/codigital-lab\\\/\"]}]}<\/script>\n<!-- \/ Yoast SEO plugin. -->","yoast_head_json":{"title":"Pol\u00edtica de privacidad | Codigital Lab","robots":{"index":"noindex","follow":"follow"},"og_locale":"es_ES","og_type":"article","og_title":"Pol\u00edtica de privacidad | Codigital Lab","og_description":"Pol\u00edtica de privacidad Reglamento General de Protecci\u00f3n de Datos (RGDP) &#8211; Agosto 2023. Le informamos que los datos personales de nuestros clientes ser\u00e1n tratados de conformidad con los principios de transparencia, limitaci\u00f3n de la finalidad, minimizaci\u00f3n de datos, exactitud, integridad y confidencialidad, as\u00ed como respetando el resto de obligaciones y garant\u00edas establecidas en el Reglamento [&hellip;]","og_url":"https:\/\/codigitalab.com\/es\/politica-de-privacidad\/","og_site_name":"Codigital Lab","article_modified_time":"2026-04-17T12:43:59+00:00","og_image":[{"width":4417,"height":2084,"url":"https:\/\/codigitalab.com\/wp-content\/uploads\/2022\/10\/Codigital-White_Mesa-de-trabajo-1_Mesa-de-trabajo-1.png","type":"image\/png"}],"twitter_card":"summary_large_image","twitter_misc":{"Tiempo de lectura":"2 minutos"},"schema":{"@context":"https:\/\/schema.org","@graph":[{"@type":"WebPage","@id":"https:\/\/codigitalab.com\/es\/politica-de-privacidad\/","url":"https:\/\/codigitalab.com\/es\/politica-de-privacidad\/","name":"Pol\u00edtica de privacidad | Codigital Lab","isPartOf":{"@id":"https:\/\/codigitalab.com\/#website"},"datePublished":"2022-03-24T12:15:28+00:00","dateModified":"2026-04-17T12:43:59+00:00","breadcrumb":{"@id":"https:\/\/codigitalab.com\/es\/politica-de-privacidad\/#breadcrumb"},"inLanguage":"es","potentialAction":[{"@type":"ReadAction","target":["https:\/\/codigitalab.com\/es\/politica-de-privacidad\/"]}]},{"@type":"BreadcrumbList","@id":"https:\/\/codigitalab.com\/es\/politica-de-privacidad\/#breadcrumb","itemListElement":[{"@type":"ListItem","position":1,"name":"Portada","item":"https:\/\/codigitalab.com\/"},{"@type":"ListItem","position":2,"name":"Pol\u00edtica de privacidad"}]},{"@type":"WebSite","@id":"https:\/\/codigitalab.com\/#website","url":"https:\/\/codigitalab.com\/","name":"Codigital Lab","description":"Dona vida als teus projectes digitals","publisher":{"@id":"https:\/\/codigitalab.com\/#organization"},"potentialAction":[{"@type":"SearchAction","target":{"@type":"EntryPoint","urlTemplate":"https:\/\/codigitalab.com\/?s={search_term_string}"},"query-input":{"@type":"PropertyValueSpecification","valueRequired":true,"valueName":"search_term_string"}}],"inLanguage":"es"},{"@type":"Organization","@id":"https:\/\/codigitalab.com\/#organization","name":"Codigital Lab","url":"https:\/\/codigitalab.com\/","logo":{"@type":"ImageObject","inLanguage":"es","@id":"https:\/\/codigitalab.com\/#\/schema\/logo\/image\/","url":"https:\/\/codigitalab.com\/wp-content\/uploads\/2022\/10\/Codigital-White_Mesa-de-trabajo-1_Mesa-de-trabajo-1.png","contentUrl":"https:\/\/codigitalab.com\/wp-content\/uploads\/2022\/10\/Codigital-White_Mesa-de-trabajo-1_Mesa-de-trabajo-1.png","width":4417,"height":2084,"caption":"Codigital Lab"},"image":{"@id":"https:\/\/codigitalab.com\/#\/schema\/logo\/image\/"},"sameAs":["https:\/\/www.linkedin.com\/company\/codigital-lab\/"]}]}},"_links":{"self":[{"href":"https:\/\/codigitalab.com\/es\/wp-json\/wp\/v2\/pages\/11560","targetHints":{"allow":["GET"]}}],"collection":[{"href":"https:\/\/codigitalab.com\/es\/wp-json\/wp\/v2\/pages"}],"about":[{"href":"https:\/\/codigitalab.com\/es\/wp-json\/wp\/v2\/types\/page"}],"author":[{"embeddable":true,"href":"https:\/\/codigitalab.com\/es\/wp-json\/wp\/v2\/users\/2"}],"replies":[{"embeddable":true,"href":"https:\/\/codigitalab.com\/es\/wp-json\/wp\/v2\/comments?post=11560"}],"version-history":[{"count":7,"href":"https:\/\/codigitalab.com\/es\/wp-json\/wp\/v2\/pages\/11560\/revisions"}],"predecessor-version":[{"id":12845,"href":"https:\/\/codigitalab.com\/es\/wp-json\/wp\/v2\/pages\/11560\/revisions\/12845"}],"wp:attachment":[{"href":"https:\/\/codigitalab.com\/es\/wp-json\/wp\/v2\/media?parent=11560"}],"curies":[{"name":"wp","href":"https:\/\/api.w.org\/{rel}","templated":true}]}}